{"id":4,"date":"2021-02-12T14:37:43","date_gmt":"2021-02-12T14:37:43","guid":{"rendered":"https:\/\/verhaltenstherapie-praxis-dresden.de\/?page_id=4"},"modified":"2026-02-06T20:44:30","modified_gmt":"2026-02-06T20:44:30","slug":"willkommen-auf-https-verhaltenstherapie-praxis-dresden-de","status":"publish","type":"page","link":"https:\/\/verhaltenstherapie-praxis-dresden.de\/","title":{"rendered":"Praxis f\u00fcr Psychotherapie"},"content":{"rendered":"<p><\/p>\r\n<p style=\"text-align: center;\"><a href=\"https:\/\/verhaltenstherapie-praxis-dresden.de\/?page_id=90\" target=\"_blank\" rel=\"noopener\">Jetzt auch online Termine<\/a><\/p>\r\n<p style=\"text-align: center;\"><span style=\"font-size: 18pt;\"><strong>Verhaltenstherapie f\u00fcr Kinder, Jugendliche und Erwachsene<\/strong><\/span><\/p>\r\n<p style=\"text-align: center;\"><span style=\"font-size: 18pt;\"><strong>Alle Kassen<\/strong><\/span><\/p>\r\n\r\n\r\n\r\n<p style=\"text-align: center;\"><strong>Das Behandlungsangebot meiner Praxis f\u00fcr Psychotherapie besteht aus ambulanter Verhaltenstherapie. Dieses psychotherapeutische Verfahren geh\u00f6rt neben der Psychoanalyse bzw. Tiefenpsychologie zu den am weitesten verbreiteten. Bez\u00fcglich ihrer Wirksamkeit zur Behandlung seelischer St\u00f6rungen ist die Verhaltenstherapie in vielen Bereichen erfolgreich gepr\u00fcft. Das Verfahren basiert auf den Erkenntnissen der modernen psychologischen Forschung und wird auf deren Grundlage fortlaufend weiterentwickelt.<\/strong><\/p>\r\n\r\n\r\n\r\n<p>&nbsp;<\/p>\r\n","protected":false},"excerpt":{"rendered":"<p>Jetzt auch online Termine Verhaltenstherapie f\u00fcr Kinder, Jugendliche und Erwachsene Alle Kassen Das Behandlungsangebot meiner Praxis f\u00fcr Psychotherapie besteht aus ambulanter Verhaltenstherapie. Dieses psychotherapeutische Verfahren geh\u00f6rt neben der Psychoanalyse bzw. Tiefenpsychologie zu den am weitesten verbreiteten. Bez\u00fcglich ihrer Wirksamkeit zur Behandlung seelischer St\u00f6rungen ist die Verhaltenstherapie in vielen Bereichen erfolgreich gepr\u00fcft. Das Verfahren basiert auf [&hellip;]<\/p>\n","protected":false},"author":1,"featured_media":100,"parent":0,"menu_order":0,"comment_status":"closed","ping_status":"open","template":"","meta":{"ngg_post_thumbnail":0,"footnotes":""},"class_list":["post-4","page","type-page","status-publish","has-post-thumbnail","hentry"],"_links":{"self":[{"href":"https:\/\/verhaltenstherapie-praxis-dresden.de\/index.php?rest_route=\/wp\/v2\/pages\/4","targetHints":{"allow":["GET"]}}],"collection":[{"href":"https:\/\/verhaltenstherapie-praxis-dresden.de\/index.php?rest_route=\/wp\/v2\/pages"}],"about":[{"href":"https:\/\/verhaltenstherapie-praxis-dresden.de\/index.php?rest_route=\/wp\/v2\/types\/page"}],"author":[{"embeddable":true,"href":"https:\/\/verhaltenstherapie-praxis-dresden.de\/index.php?rest_route=\/wp\/v2\/users\/1"}],"replies":[{"embeddable":true,"href":"https:\/\/verhaltenstherapie-praxis-dresden.de\/index.php?rest_route=%2Fwp%2Fv2%2Fcomments&post=4"}],"version-history":[{"count":13,"href":"https:\/\/verhaltenstherapie-praxis-dresden.de\/index.php?rest_route=\/wp\/v2\/pages\/4\/revisions"}],"predecessor-version":[{"id":101,"href":"https:\/\/verhaltenstherapie-praxis-dresden.de\/index.php?rest_route=\/wp\/v2\/pages\/4\/revisions\/101"}],"wp:featuredmedia":[{"embeddable":true,"href":"https:\/\/verhaltenstherapie-praxis-dresden.de\/index.php?rest_route=\/wp\/v2\/media\/100"}],"wp:attachment":[{"href":"https:\/\/verhaltenstherapie-praxis-dresden.de\/index.php?rest_route=%2Fwp%2Fv2%2Fmedia&parent=4"}],"curies":[{"name":"wp","href":"https:\/\/api.w.org\/{rel}","templated":true}]}}