{"id":33,"date":"2021-02-12T15:46:28","date_gmt":"2021-02-12T15:46:28","guid":{"rendered":"https:\/\/verhaltenstherapie-praxis-dresden.de\/?page_id=33"},"modified":"2025-07-13T07:13:44","modified_gmt":"2025-07-13T07:13:44","slug":"kontakt-anfahrt","status":"publish","type":"page","link":"https:\/\/verhaltenstherapie-praxis-dresden.de\/?page_id=33","title":{"rendered":"Kontakt \/ Anfahrt"},"content":{"rendered":"<p style=\"text-align: center;\"><strong>Goethestrasse 18 <\/strong><strong>(Villa Gesundbrunnen)<br \/>\n<\/strong><strong>01109 Dresden-Klotzsche<br \/>\n<\/strong><strong>Telefon: 0351 &#8211; 889 66 30<br \/>\n<\/strong><strong>Fax: 0351 &#8211; 889 66 31<br \/>\neMail: Dr.C.Hanke@verhaltenstherapie-praxis-dresden.de<br \/>\n<\/strong><\/p>\n<p style=\"text-align: center;\">Termine nach Vereinbarung, alle Kassen<\/p>\n<p>Die Praxis finden Sie im \u00c4rztehaus &#8222;Villa Gesundbrunnen&#8220; in Dresden Klotzsche. Im Haus befinden sich au\u00dferdem eine Praxisgemeinschaft f\u00fcr Kinder- und Jugendmedizin (<a href=\"https:\/\/kinderarztpraxis-klotzsche.de\/\" target=\"_blank\" rel=\"noopener\">Dr. Ermisch Forti<\/a> und <a href=\"http:\/\/www.kinderarzt-dresden.de\" target=\"_blank\" rel=\"noopener\">Dr. Reinalter<\/a>), eine weitere Praxis f\u00fcr Psychotherapie (<a href=\"http:\/\/www.praxis-mordt-stoll.de\/\" target=\"_blank\" rel=\"noopener\">Anett Mordt-Stoll<\/a>), eine Allgemein\u00e4rztin (<a href=\"https:\/\/hausarztpraxis-reichelt.de\/\">Dr. Doreen Reichelt<\/a>), eine Praxis f\u00fcr Logop\u00e4die (Anke Clemenz-Koch) und eine Praxis f\u00fcr Ergotherapie (<a href=\"https:\/\/www.ergotherapie-gratzl.de\/team\">Micha Gratzl<\/a>).<\/p>\n<p style=\"text-align: left;\">Anfahrt mit \u00f6ffentlichen Verkehrsmitteln siehe <a href=\"http:\/\/www.dvb.de\/de\/Startseite\/\">http:\/\/www.dvb.de\/de\/Startseite\/<\/a><\/p>\n<p style=\"text-align: left;\">Stra\u00dfenbahn Linie 7 (Haltestelle &#8222;Zur neuen Br\u00fccke&#8220; oder &#8222;K\u00e4the-Kollwitz-Platz&#8220;)<br \/>\nBus Linie 70,72,80 (Haltestelle &#8222;Zur neuen Br\u00fccke&#8220; oder &#8222;K\u00e4the-Kollwitz-Platz&#8220;)<br \/>\nS-Bahn: S2 (Bahnhof Dresden-Klotzsche)<\/p>\n<p style=\"text-align: center;\"><img loading=\"lazy\" decoding=\"async\" class=\"aligncenter wp-image-54 size-full\" src=\"https:\/\/verhaltenstherapie-praxis-dresden.de\/wp-content\/uploads\/2021\/02\/Lageplan-Praxis-Hanke-e1613146475216.jpg\" alt=\"\" width=\"1500\" height=\"1131\">&nbsp;<\/p>\n","protected":false},"excerpt":{"rendered":"<p>Goethestrasse 18 (Villa Gesundbrunnen) 01109 Dresden-Klotzsche Telefon: 0351 &#8211; 889 66 30 Fax: 0351 &#8211; 889 66 31 eMail: Dr.C.Hanke@verhaltenstherapie-praxis-dresden.de Termine nach Vereinbarung, alle Kassen Die Praxis finden Sie im \u00c4rztehaus &#8222;Villa Gesundbrunnen&#8220; in Dresden Klotzsche. Im Haus befinden sich au\u00dferdem eine Praxisgemeinschaft f\u00fcr Kinder- und Jugendmedizin (Dr. Ermisch Forti und Dr. Reinalter), eine weitere [&hellip;]<\/p>\n","protected":false},"author":1,"featured_media":0,"parent":0,"menu_order":0,"comment_status":"closed","ping_status":"closed","template":"","meta":{"ngg_post_thumbnail":0,"footnotes":""},"class_list":["post-33","page","type-page","status-publish","hentry"],"_links":{"self":[{"href":"https:\/\/verhaltenstherapie-praxis-dresden.de\/index.php?rest_route=\/wp\/v2\/pages\/33","targetHints":{"allow":["GET"]}}],"collection":[{"href":"https:\/\/verhaltenstherapie-praxis-dresden.de\/index.php?rest_route=\/wp\/v2\/pages"}],"about":[{"href":"https:\/\/verhaltenstherapie-praxis-dresden.de\/index.php?rest_route=\/wp\/v2\/types\/page"}],"author":[{"embeddable":true,"href":"https:\/\/verhaltenstherapie-praxis-dresden.de\/index.php?rest_route=\/wp\/v2\/users\/1"}],"replies":[{"embeddable":true,"href":"https:\/\/verhaltenstherapie-praxis-dresden.de\/index.php?rest_route=%2Fwp%2Fv2%2Fcomments&post=33"}],"version-history":[{"count":13,"href":"https:\/\/verhaltenstherapie-praxis-dresden.de\/index.php?rest_route=\/wp\/v2\/pages\/33\/revisions"}],"predecessor-version":[{"id":83,"href":"https:\/\/verhaltenstherapie-praxis-dresden.de\/index.php?rest_route=\/wp\/v2\/pages\/33\/revisions\/83"}],"wp:attachment":[{"href":"https:\/\/verhaltenstherapie-praxis-dresden.de\/index.php?rest_route=%2Fwp%2Fv2%2Fmedia&parent=33"}],"curies":[{"name":"wp","href":"https:\/\/api.w.org\/{rel}","templated":true}]}}