{"id":28,"date":"2021-02-12T15:30:49","date_gmt":"2021-02-12T15:30:49","guid":{"rendered":"https:\/\/verhaltenstherapie-praxis-dresden.de\/?page_id=28"},"modified":"2025-07-13T07:15:34","modified_gmt":"2025-07-13T07:15:34","slug":"angebote","status":"publish","type":"page","link":"https:\/\/verhaltenstherapie-praxis-dresden.de\/?page_id=28","title":{"rendered":"Angebote"},"content":{"rendered":"<p><strong>Diagnostik &#8211; Beratung und Psychotherapie<br \/>\nf\u00fcr Kinder-, Jugendliche und Erwachsene<\/strong><\/p>\n<p>Im therapeutischen Prozess geht es darum, die Entstehung und Aufrechterhaltung der aktuellen Probleme und Symptome eines Menschen zu verstehen. Es soll Einsicht in deren biographische Hintergr\u00fcnde und funktionelle Zusammenh\u00e4nge gewonnen werden, um daraus Motivation und Initiative f\u00fcr die pers\u00f6nliche Entwicklung und Ver\u00e4nderung zu gewinnen. Zusammenh\u00e4nge zwischen Gedanken, Gef\u00fchlen, Verhalten und fr\u00fcheren Erlebnissen werden deutlich gemacht und somit einer Ver\u00e4nderung zug\u00e4nglich. Konkrete handlungs- und l\u00f6sungsorientierte Schritte werden angeregt, um Ver\u00e4nderungen einzuleiten. Dabei werden die pers\u00f6nlichen St\u00e4rken und Ressourcen der Klienten\/Patienten aktiviert und genutzt. Dieser Ansatz integriert, aufbauend auf einer kognitiv-verhaltenstherapeutischen Grundausrichtung, Sichtweisen und Methoden verschiedener Therapieschulen zu einem ganzheitlichen und individuellen Therapiekonzept.<\/p>\n<p><strong>Vielf\u00e4ltige psychische Krankheitsbilder sind verhaltenstherapeutisch behandelbar:<\/strong><\/p>\n<ul>\n<li>Depressionen, \u00c4ngste<\/li>\n<li>posttraumatische Belastungsst\u00f6rungen<\/li>\n<li>psychosomatische Beschwerden<\/li>\n<li>Pers\u00f6nlichkeits- und Beziehungsst\u00f6rungen<\/li>\n<li>Essst\u00f6rungen und Abh\u00e4ngigkeitserkrankungen<\/li>\n<li>Verhaltensst\u00f6rungen bei Kindern und Jugendlichen<\/li>\n<li>Anpassungsst\u00f6rungen<\/li>\n<li>Burn Out<\/li>\n<\/ul>\n<p><strong>Formen der therapeutischen Behandlung<\/strong><\/p>\n<ul>\n<li>Psychotherapeutische Einzelbehandlung von Erwachsenen<\/li>\n<li>Psychotherapeutische Einzelbehandlung von Kindern und Jugendlichen<\/li>\n<li>zus\u00e4tzlich Kleingruppenangebote von 3-9 Personen<\/li>\n<li>Krisenintervention<\/li>\n<li>Diagnostische Einzelgespr\u00e4che<\/li>\n<li>Gespr\u00e4che unter Einbeziehung Angeh\u00f6riger oder anderer Bezugspersonen<\/li>\n<li>Entspannungstraining<\/li>\n<\/ul>\n","protected":false},"excerpt":{"rendered":"<p>Diagnostik &#8211; Beratung und Psychotherapie f\u00fcr Kinder-, Jugendliche und Erwachsene Im therapeutischen Prozess geht es darum, die Entstehung und Aufrechterhaltung der aktuellen Probleme und Symptome eines Menschen zu verstehen. Es soll Einsicht in deren biographische Hintergr\u00fcnde und funktionelle Zusammenh\u00e4nge gewonnen werden, um daraus Motivation und Initiative f\u00fcr die pers\u00f6nliche Entwicklung und Ver\u00e4nderung zu gewinnen. Zusammenh\u00e4nge [&hellip;]<\/p>\n","protected":false},"author":1,"featured_media":0,"parent":0,"menu_order":0,"comment_status":"closed","ping_status":"closed","template":"","meta":{"ngg_post_thumbnail":0,"footnotes":""},"class_list":["post-28","page","type-page","status-publish","hentry"],"_links":{"self":[{"href":"https:\/\/verhaltenstherapie-praxis-dresden.de\/index.php?rest_route=\/wp\/v2\/pages\/28","targetHints":{"allow":["GET"]}}],"collection":[{"href":"https:\/\/verhaltenstherapie-praxis-dresden.de\/index.php?rest_route=\/wp\/v2\/pages"}],"about":[{"href":"https:\/\/verhaltenstherapie-praxis-dresden.de\/index.php?rest_route=\/wp\/v2\/types\/page"}],"author":[{"embeddable":true,"href":"https:\/\/verhaltenstherapie-praxis-dresden.de\/index.php?rest_route=\/wp\/v2\/users\/1"}],"replies":[{"embeddable":true,"href":"https:\/\/verhaltenstherapie-praxis-dresden.de\/index.php?rest_route=%2Fwp%2Fv2%2Fcomments&post=28"}],"version-history":[{"count":4,"href":"https:\/\/verhaltenstherapie-praxis-dresden.de\/index.php?rest_route=\/wp\/v2\/pages\/28\/revisions"}],"predecessor-version":[{"id":85,"href":"https:\/\/verhaltenstherapie-praxis-dresden.de\/index.php?rest_route=\/wp\/v2\/pages\/28\/revisions\/85"}],"wp:attachment":[{"href":"https:\/\/verhaltenstherapie-praxis-dresden.de\/index.php?rest_route=%2Fwp%2Fv2%2Fmedia&parent=28"}],"curies":[{"name":"wp","href":"https:\/\/api.w.org\/{rel}","templated":true}]}}